{"id":134,"date":"2011-12-06T09:54:04","date_gmt":"2011-12-06T09:54:04","guid":{"rendered":"http:\/\/www.likedeeler-ballon.de\/wordpress\/?page_id=134"},"modified":"2011-12-06T10:01:38","modified_gmt":"2011-12-06T10:01:38","slug":"deutsche-meisterschaft-2011","status":"publish","type":"page","link":"https:\/\/www.likedeeler-ballon.de\/wordpress\/ballonfahren\/logbuch\/deutsche-meisterschaft-2011\/","title":{"rendered":"Deutsche Meisterschaft 2011"},"content":{"rendered":"<p><strong>Sechster Platz in der Gesamtwertung 04.06.2011<\/strong><\/p>\n<p>Jetzt ist es amtlich. Andreas und seine Crew haben den sechsten Platz belegt.<br \/>\n&#8222;Wir sind mit dem Ergebnis sehr Zufrieden und freuen uns auf Zuhause.&#8220; sagte Andreas.<br \/>\nWeitere Informationen findet ihr auf der Seite des Freiballonclubs.<\/p>\n<p><strong>Erster Start, 3 Aufgaben erledigt! 03.06.2011<br \/>\n<\/strong><\/p>\n<p>Andreas und seine Crew sind gestern um 06:17 Uhr das erste mal gestartet. Es galt drei Aufgaben zu erledigen. Wie das Likedeeler &#8211; Ballonteam, rund um Andreas, abgeschlossen hat, k\u00f6nnt ihr auf der Seite des Freiballonclubs einsehen. Dort sind alle Tabellen abgelegt.<\/p>\n<p>In einer Disziplin sind Sie sogar Dritter geworden.<\/p>\n<p><strong>Erster Start der DM am 03.06.2011 02.06.2011<\/strong><\/p>\n<p><a href=\"http:\/\/www.likedeeler-ballon.de\/images\/GasBallon\/IMAG0016.jpg\"><img loading=\"lazy\" decoding=\"async\" class=\"alignright\" title=\"Reges Arbeiten am Aufr\u00fcstplatz\" src=\"http:\/\/www.likedeeler-ballon.de\/images\/GasBallon\/IMAG0016_kl.jpg\" alt=\"Deutsche Meisterschaft 2011, die Vorbereitungen laufen.\" width=\"150\" height=\"90\" \/><\/a><\/p>\n<p>Hallo liebe Gasballonfreunde, Startplatz Burgkirchen 16:25 Uhr.<\/p>\n<p>Wir haben mit dem F\u00fcllen begonnen. Start f\u00fcr morgen Fr\u00fch 04:00 geplant.<\/p>\n<p>Gl\u00fcck ab<\/p>\n<p>Andreas<\/p>\n<p><strong>Informationen vom Veranstalter 30.05.2011<\/strong><\/p>\n<p>Liebe Teilnehmer,<br \/>\naufgrund der Wettervorhersagen f\u00fcr Mittwoch, haben wir beschlossen das Einchecken nach hinten zu verschieben, um Euch lange Aufenthaltszeiten am Platz zu ersparen.<\/p>\n<p><strong>Der Zeitplan<\/strong> sieht am Mittwoch nun wie folgt aus:<br \/>\n01.06.2011<br \/>\n15:00 Einchecken am Platz \/ Wagon<br \/>\n16:00 Begr\u00fc\u00dfung und General Briefing \/ Schoberh\u00fctte<br \/>\nCa.18:00 Aufr\u00fcstbeginn \/ Wetterabh\u00e4ngig<br \/>\n02.06.2011<br \/>\nCa. 4:30 Start<\/p>\n<p>Bitte gebt mir eine R\u00fcckmeldung, dass Ihr diese Mail erhalten habt!!<\/p>\n<p>Ich w\u00fcnsche Euch allen eine gute Anreise<br \/>\nStefan<\/p>\n<p><strong>e-Mail von Unterwegs 31.05.2011<\/strong><\/p>\n<p>Der Anh\u00e4nger und das Auto sind gepackt. Morgen fr\u00fch geht es los.<\/p>\n<p>Aufgrund der Wetterlage ist das Einchecken auf 16.00 verschoben worden. Fr\u00fchester Start Donnerstag 04.30 Uhr.<\/p>\n<p><strong>Nachricht \u00fcber die Ankunft 31.05.2011<br \/>\n<\/strong><br \/>\nFrieda Gott, wir sind gut angekommen. Nur die letzten km. Wasserschlacht durch Gewitter.<\/p>\n<p>Glueck ab<\/p>\n<p>Andreas<\/p>\n","protected":false},"excerpt":{"rendered":"<p>Sechster Platz in der Gesamtwertung 04.06.2011 Jetzt ist es amtlich. Andreas und seine Crew haben den sechsten Platz belegt. &#8222;Wir sind mit dem Ergebnis sehr Zufrieden und freuen uns auf Zuhause.&#8220; sagte Andreas. Weitere Informationen findet ihr auf der Seite des Freiballonclubs. Erster Start, 3 Aufgaben erledigt! 03.06.2011 Andreas und seine Crew sind gestern um [&hellip;]<\/p>\n","protected":false},"author":2,"featured_media":0,"parent":95,"menu_order":0,"comment_status":"open","ping_status":"open","template":"","meta":{"footnotes":""},"class_list":["post-134","page","type-page","status-publish","hentry"],"_links":{"self":[{"href":"https:\/\/www.likedeeler-ballon.de\/wordpress\/wp-json\/wp\/v2\/pages\/134","targetHints":{"allow":["GET"]}}],"collection":[{"href":"https:\/\/www.likedeeler-ballon.de\/wordpress\/wp-json\/wp\/v2\/pages"}],"about":[{"href":"https:\/\/www.likedeeler-ballon.de\/wordpress\/wp-json\/wp\/v2\/types\/page"}],"author":[{"embeddable":true,"href":"https:\/\/www.likedeeler-ballon.de\/wordpress\/wp-json\/wp\/v2\/users\/2"}],"replies":[{"embeddable":true,"href":"https:\/\/www.likedeeler-ballon.de\/wordpress\/wp-json\/wp\/v2\/comments?post=134"}],"version-history":[{"count":8,"href":"https:\/\/www.likedeeler-ballon.de\/wordpress\/wp-json\/wp\/v2\/pages\/134\/revisions"}],"predecessor-version":[{"id":139,"href":"https:\/\/www.likedeeler-ballon.de\/wordpress\/wp-json\/wp\/v2\/pages\/134\/revisions\/139"}],"up":[{"embeddable":true,"href":"https:\/\/www.likedeeler-ballon.de\/wordpress\/wp-json\/wp\/v2\/pages\/95"}],"wp:attachment":[{"href":"https:\/\/www.likedeeler-ballon.de\/wordpress\/wp-json\/wp\/v2\/media?parent=134"}],"curies":[{"name":"wp","href":"https:\/\/api.w.org\/{rel}","templated":true}]}}