{"id":198,"date":"2012-01-27T19:36:43","date_gmt":"2012-01-27T19:36:43","guid":{"rendered":"http:\/\/www.likedeeler-ballon.de\/wordpress\/?page_id=198"},"modified":"2012-01-28T14:15:46","modified_gmt":"2012-01-28T14:15:46","slug":"die-alljahrliche-wintertour-2012-bilder","status":"publish","type":"page","link":"https:\/\/www.likedeeler-ballon.de\/wordpress\/impressionen\/die-alljahrliche-wintertour-2012-bilder\/","title":{"rendered":"Allj\u00e4hrliche Wintertour 2012 &#8211; Bilder"},"content":{"rendered":"<p>Hier nun die versprochenen Bilder von den tollen Fahrten in \u00d6sterreich.<\/p>\n<p>Es waren tolle vier Fahrten und einige Bilder wollen wir euch hier zeigen.<\/p>\n<p><center><a href=\"http:\/\/www.likedeeler-ballon.de\/images\/images\/winter2012\/gro\u00df\/impress_gr_001.jpg\"><img loading=\"lazy\" decoding=\"async\" class=\"alignnone\" title=\"Es wird aufgebaut... bald geht es los... Tannheimertal 2012\" src=\"http:\/\/www.likedeeler-ballon.de\/images\/images\/winter2012\/impress_kl_001.jpg\" alt=\"Es wird aufgebaut... bald geht es los... Tannheimertal 2012\" width=\"150\" height=\"100\" \/><\/a> <a href=\"http:\/\/www.likedeeler-ballon.de\/images\/images\/winter2012\/gro\u00df\/impress_gr_002.jpg\"><img loading=\"lazy\" decoding=\"async\" title=\"Die ersten Ballone heben langsam ab...\" src=\"http:\/\/www.likedeeler-ballon.de\/images\/images\/winter2012\/impress_kl_002.jpg\" alt=\"Die ersten Ballone heben langsam ab...\" width=\"150\" height=\"100\" \/><\/a> <a href=\"http:\/\/www.likedeeler-ballon.de\/images\/images\/winter2012\/gro\u00df\/impress_gr_003.jpg\"><img loading=\"lazy\" decoding=\"async\" title=\"Unser Ballon (der rote SWB) startet auch...\" src=\"http:\/\/www.likedeeler-ballon.de\/images\/images\/winter2012\/impress_kl_003.jpg\" alt=\"Unser Ballon (der rote SWB) startet auch...\" width=\"150\" height=\"100\" \/><\/a><\/center><center><a href=\"http:\/\/www.likedeeler-ballon.de\/images\/images\/winter2012\/gro\u00df\/impress_gr_004.jpg\"><img loading=\"lazy\" decoding=\"async\" title=\"Keine Angst... das ist ein Flugzeug, ganz hoch, kein Marschflugk\u00f6rper...\" src=\"http:\/\/www.likedeeler-ballon.de\/images\/images\/winter2012\/impress_kl_004.jpg\" alt=\"Keine Angst... das ist ein Flugzeug, ganz hoch, kein Marschflugk\u00f6rper...\" width=\"150\" height=\"100\" \/><\/a> <a href=\"http:\/\/www.likedeeler-ballon.de\/images\/images\/winter2012\/gro\u00df\/impress_gr_005.jpg\"><img loading=\"lazy\" decoding=\"async\" title=\"Viele Ballone in der Skyline von \u00d6sterreich\" src=\"http:\/\/www.likedeeler-ballon.de\/images\/images\/winter2012\/impress_kl_005.jpg\" alt=\"Viele Ballone in der Skyline von \u00d6sterreich\" width=\"150\" height=\"100\" \/><\/a> <a href=\"http:\/\/www.likedeeler-ballon.de\/images\/images\/winter2012\/gro\u00df\/impress_gr_006.jpg\"><img loading=\"lazy\" decoding=\"async\" title=\"N\u00e4chster Tag, n\u00e4chster Start... das gedr\u00e4nge am Startplatz beginnt.\" src=\"http:\/\/www.likedeeler-ballon.de\/images\/images\/winter2012\/impress_kl_006.jpg\" alt=\"N\u00e4chster Tag, n\u00e4chster Start... das gedr\u00e4nge am Startplatz beginnt.\" width=\"150\" height=\"100\" \/><\/a><\/center><center><a href=\"http:\/\/www.likedeeler-ballon.de\/images\/images\/winter2012\/gro\u00df\/impress_gr_007.jpg\"><img loading=\"lazy\" decoding=\"async\" title=\"Wir starten...\" src=\"http:\/\/www.likedeeler-ballon.de\/images\/images\/winter2012\/impress_kl_007.jpg\" alt=\"Wir starten...\" width=\"150\" height=\"100\" \/><\/a> <a href=\"http:\/\/www.likedeeler-ballon.de\/images\/images\/winter2012\/gro\u00df\/impress_gr_008.jpg\"><img loading=\"lazy\" decoding=\"async\" src=\"http:\/\/www.likedeeler-ballon.de\/images\/images\/winter2012\/impress_kl_008.jpg\" alt=\"\" width=\"150\" height=\"100\" \/><\/a> <a href=\"http:\/\/www.likedeeler-ballon.de\/images\/images\/winter2012\/gro\u00df\/impress_gr_009.jpg\"><img loading=\"lazy\" decoding=\"async\" title=\"The state of kuwait... were here :)\" src=\"http:\/\/www.likedeeler-ballon.de\/images\/images\/winter2012\/impress_kl_009.jpg\" alt=\"The state of kuwait... were here :)\" width=\"150\" height=\"100\" \/><\/a><\/center><center><a href=\"http:\/\/www.likedeeler-ballon.de\/images\/images\/winter2012\/gro\u00df\/impress_gr_010.jpg\"><img loading=\"lazy\" decoding=\"async\" title=\"Die erste Landung...\" src=\"http:\/\/www.likedeeler-ballon.de\/images\/images\/winter2012\/impress_kl_010.jpg\" alt=\"Die erste Landung...\" width=\"150\" height=\"100\" \/><\/a> <a href=\"http:\/\/www.likedeeler-ballon.de\/images\/images\/winter2012\/gro\u00df\/impress_gr_011.jpg\"><img loading=\"lazy\" decoding=\"async\" title=\"Ein sch\u00f6nes Panorama ... im Hintergrund die Berge von \u00d6sterreich\" src=\"http:\/\/www.likedeeler-ballon.de\/images\/images\/winter2012\/impress_kl_011.jpg\" alt=\"Ein sch\u00f6nes Panorama ... im Hintergrund die Berge von \u00d6sterreich\" width=\"150\" height=\"100\" \/><\/a> <a href=\"http:\/\/www.likedeeler-ballon.de\/images\/images\/winter2012\/gro\u00df\/impress_gr_012.jpg\"><img loading=\"lazy\" decoding=\"async\" title=\"Mal was anderes... wir konnten an diesem Wasserfall\/Bach nicht vorbei gehen... sch\u00f6n.\" src=\"http:\/\/www.likedeeler-ballon.de\/images\/images\/winter2012\/impress_kl_012.jpg\" alt=\"Mal was anderes... wir konnten an diesem Wasserfall\/Bach nicht vorbei gehen... sch\u00f6n.\" width=\"150\" height=\"100\" \/><\/a><\/center><center><a href=\"http:\/\/www.likedeeler-ballon.de\/images\/images\/winter2012\/gro\u00df\/impress_gr_013.jpg\"><img loading=\"lazy\" decoding=\"async\" src=\"http:\/\/www.likedeeler-ballon.de\/images\/images\/winter2012\/impress_kl_013.jpg\" alt=\"\" width=\"150\" height=\"100\" \/><\/a> <a href=\"http:\/\/www.likedeeler-ballon.de\/images\/images\/winter2012\/gro\u00df\/impress_gr_014.jpg\"><img loading=\"lazy\" decoding=\"async\" title=\"Neuer Start im Tal, wir sind schon in der Luft.\" src=\"http:\/\/www.likedeeler-ballon.de\/images\/images\/winter2012\/impress_kl_014.jpg\" alt=\"Neuer Start im Tal, wir sind schon in der Luft.\" width=\"150\" height=\"100\" \/><\/a> <a href=\"http:\/\/www.likedeeler-ballon.de\/images\/images\/winter2012\/gro\u00df\/impress_gr_015.jpg\"><img loading=\"lazy\" decoding=\"async\" title=\"Tja liebe Kinder... Garfield war auch da.\" src=\"http:\/\/www.likedeeler-ballon.de\/images\/images\/winter2012\/impress_kl_015.jpg\" alt=\"Tja liebe Kinder... Garfield war auch da.\" width=\"150\" height=\"100\" \/><\/a><\/center><center><a href=\"http:\/\/www.likedeeler-ballon.de\/images\/images\/winter2012\/gro\u00df\/impress_gr_016.jpg\"><img loading=\"lazy\" decoding=\"async\" src=\"http:\/\/www.likedeeler-ballon.de\/images\/images\/winter2012\/impress_kl_016.jpg\" alt=\"\" width=\"150\" height=\"100\" \/><\/a><\/center><\/p>\n","protected":false},"excerpt":{"rendered":"<p>Hier nun die versprochenen Bilder von den tollen Fahrten in \u00d6sterreich. Es waren tolle vier Fahrten und einige Bilder wollen wir euch hier zeigen.<\/p>\n","protected":false},"author":1,"featured_media":0,"parent":73,"menu_order":0,"comment_status":"open","ping_status":"open","template":"","meta":{"footnotes":""},"class_list":["post-198","page","type-page","status-publish","hentry"],"_links":{"self":[{"href":"https:\/\/www.likedeeler-ballon.de\/wordpress\/wp-json\/wp\/v2\/pages\/198","targetHints":{"allow":["GET"]}}],"collection":[{"href":"https:\/\/www.likedeeler-ballon.de\/wordpress\/wp-json\/wp\/v2\/pages"}],"about":[{"href":"https:\/\/www.likedeeler-ballon.de\/wordpress\/wp-json\/wp\/v2\/types\/page"}],"author":[{"embeddable":true,"href":"https:\/\/www.likedeeler-ballon.de\/wordpress\/wp-json\/wp\/v2\/users\/1"}],"replies":[{"embeddable":true,"href":"https:\/\/www.likedeeler-ballon.de\/wordpress\/wp-json\/wp\/v2\/comments?post=198"}],"version-history":[{"count":4,"href":"https:\/\/www.likedeeler-ballon.de\/wordpress\/wp-json\/wp\/v2\/pages\/198\/revisions"}],"predecessor-version":[{"id":213,"href":"https:\/\/www.likedeeler-ballon.de\/wordpress\/wp-json\/wp\/v2\/pages\/198\/revisions\/213"}],"up":[{"embeddable":true,"href":"https:\/\/www.likedeeler-ballon.de\/wordpress\/wp-json\/wp\/v2\/pages\/73"}],"wp:attachment":[{"href":"https:\/\/www.likedeeler-ballon.de\/wordpress\/wp-json\/wp\/v2\/media?parent=198"}],"curies":[{"name":"wp","href":"https:\/\/api.w.org\/{rel}","templated":true}]}}