{"id":224,"date":"2012-06-11T19:35:06","date_gmt":"2012-06-11T19:35:06","guid":{"rendered":"http:\/\/www.likedeeler-ballon.de\/wordpress\/?page_id=224"},"modified":"2012-06-11T19:50:41","modified_gmt":"2012-06-11T19:50:41","slug":"carl-gotze-nachtwettfahrt","status":"publish","type":"page","link":"https:\/\/www.likedeeler-ballon.de\/wordpress\/ballonfahren\/logbuch\/carl-gotze-nachtwettfahrt\/","title":{"rendered":"Carl G\u00f6tze Nachtwettfahrt"},"content":{"rendered":"<p>\u00dcber Pfingsten waren\u00a0wir in D\u00fcsseldorf. Es war zur Carl G\u00f6tze Wettfahrt eingeladen und das wollten wir uns nat\u00fcrlich nicht nehmen lassen.<\/p>\n<p>Der Start in D\u00fcsseldorf erfolgte am Sonntag um 03.00 Uhr. Die Landung kurz vor Amsterdam war kurz vor 09.00 Uhr. Es war eine tolle Fahrt.<\/p>\n<p>&nbsp;<\/p>\n<p>Auf geht\u00a0geht\u2019s&#8230; schaut euch die tollen <a title=\"Carl G\u00f6tze Nachtwettfahrt \u2013 Impressionen\" href=\"http:\/\/www.likedeeler-ballon.de\/wordpress\/impressionen\/carl-gotze-nachtwettfahrt-impressionen\/\">Bilder <\/a>an.<\/p>\n<p>Mehr zu dem Thema findet ihr auf der Seite vom <a title=\"D\u00fcsseldorfer Aero-Klub e.V.\" href=\"http:\/\/www.xn--ballon-dsseldorf-qzb.de\/\" target=\"_blank\">D\u00fcsseldorfer Aero-Klub<\/a>.<\/p>\n","protected":false},"excerpt":{"rendered":"<p>\u00dcber Pfingsten waren\u00a0wir in D\u00fcsseldorf. Es war zur Carl G\u00f6tze Wettfahrt eingeladen und das wollten wir uns nat\u00fcrlich nicht nehmen lassen. Der Start in D\u00fcsseldorf erfolgte am Sonntag um 03.00 Uhr. Die Landung kurz vor Amsterdam war kurz vor 09.00 Uhr. Es war eine tolle Fahrt. &nbsp; Auf geht\u00a0geht\u2019s&#8230; schaut euch die tollen Bilder an. [&hellip;]<\/p>\n","protected":false},"author":3,"featured_media":0,"parent":95,"menu_order":0,"comment_status":"open","ping_status":"open","template":"","meta":{"footnotes":""},"class_list":["post-224","page","type-page","status-publish","hentry"],"_links":{"self":[{"href":"https:\/\/www.likedeeler-ballon.de\/wordpress\/wp-json\/wp\/v2\/pages\/224","targetHints":{"allow":["GET"]}}],"collection":[{"href":"https:\/\/www.likedeeler-ballon.de\/wordpress\/wp-json\/wp\/v2\/pages"}],"about":[{"href":"https:\/\/www.likedeeler-ballon.de\/wordpress\/wp-json\/wp\/v2\/types\/page"}],"author":[{"embeddable":true,"href":"https:\/\/www.likedeeler-ballon.de\/wordpress\/wp-json\/wp\/v2\/users\/3"}],"replies":[{"embeddable":true,"href":"https:\/\/www.likedeeler-ballon.de\/wordpress\/wp-json\/wp\/v2\/comments?post=224"}],"version-history":[{"count":4,"href":"https:\/\/www.likedeeler-ballon.de\/wordpress\/wp-json\/wp\/v2\/pages\/224\/revisions"}],"predecessor-version":[{"id":242,"href":"https:\/\/www.likedeeler-ballon.de\/wordpress\/wp-json\/wp\/v2\/pages\/224\/revisions\/242"}],"up":[{"embeddable":true,"href":"https:\/\/www.likedeeler-ballon.de\/wordpress\/wp-json\/wp\/v2\/pages\/95"}],"wp:attachment":[{"href":"https:\/\/www.likedeeler-ballon.de\/wordpress\/wp-json\/wp\/v2\/media?parent=224"}],"curies":[{"name":"wp","href":"https:\/\/api.w.org\/{rel}","templated":true}]}}