{"id":244,"date":"2012-06-11T20:27:41","date_gmt":"2012-06-11T20:27:41","guid":{"rendered":"http:\/\/www.likedeeler-ballon.de\/wordpress\/?page_id=244"},"modified":"2012-06-20T18:33:21","modified_gmt":"2012-06-20T18:33:21","slug":"18-ballonfestival-wagenitz","status":"publish","type":"page","link":"https:\/\/www.likedeeler-ballon.de\/wordpress\/ballonfahren\/logbuch\/18-ballonfestival-wagenitz\/","title":{"rendered":"18. Ballonfestival Wagenitz"},"content":{"rendered":"<p>Am 09. Juni 2012 war es wieder soweit. Die 18. Montgolfiade Brandenburg fand in Wagenitz statt.<\/p>\n<p>Es waren zwei Starts vorgesehen und der Wettergott war uns positiv gestimmt, denn beide Fahrten konnten stattfinden. Es waren zwei wirklich sch\u00f6ne Fahrten die uns einmal direkt nach Hertefeld und einmal in die N\u00e4he von Teschendorf f\u00fchrten.<\/p>\n<p>Hier gehts zu den <a title=\"18. Ballonfestival Wagenitz \u2013 Impressionen\" href=\"http:\/\/www.likedeeler-ballon.de\/wordpress\/impressionen\/18-ballonfestival-wagenitz-impressionen\/\">Bildern<\/a>.<\/p>\n<p>N\u00e4here Informationen rund um das Ballonfestival bekommt ihr vom <a title=\"Ballonsport Club\" href=\"http:\/\/www.ballonsportclub.de\/\" target=\"_blank\">Ballonsportclub Havelland<\/a>.<\/p>\n<p><!--more--><\/p>\n<p>Die Beiden Fahrten fanden jeweils am Samstag statt.<\/p>\n<p style=\"text-align: justify;\">Samstag fr\u00fch klingelte der Wecker um 03:30 Uhr und wir begannen mit dem \u00fcblichen Katzenw\u00e4schen&#8230; schnell unter die Dusche und Z\u00e4hneputzen. Das <a title=\"Das j\u00fcngste Crewmitglied\" href=\"http:\/\/www.likedeeler-ballon.de\/wordpress\/wp-content\/uploads\/2012\/06\/lena_crew_gr.jpg\" target=\"_blank\">kleinste Crewmitglied<\/a> war ausgesprochen gut gelaunt. Nachdem die gesamte Crew und die beiden Piloten fertig waren, die Piloten brauchten wie immer am l\u00e4ngsten, ging es zu einem kurzen Fr\u00fchst\u00fcck in die <a title=\"Kellergastst\u00e4tte in Wagenitz\" href=\"http:\/\/www.wagenitz-im-havelland.de\/sponsoren\/kellergaststaette.html\" target=\"_blank\">Kellergastst\u00e4tte in Wagenitz<\/a>.<\/p>\n<p style=\"text-align: justify;\">Das reichliche Fr\u00fchst\u00fcck (1 Kaffee) schnell verschlungen, ging es gut gest\u00e4rkt zum <a title=\"Startplatz in Wagenitz\" href=\"https:\/\/maps.google.de\/maps?q=52.673682,+12.651975&amp;num=1&amp;t=h&amp;vpsrc=0&amp;ie=UTF8&amp;ll=52.673764,12.651068&amp;spn=0.001766,0.005284&amp;z=18&amp;iwloc=A\" target=\"_blank\">Startplatz<\/a>. Es sollte um 05:00 Uhr in die Luft gehen. Es begann das Aufr\u00fcsten und circa 05:15 Uhr waren wir auch in der Luft.<\/p>\n<p style=\"text-align: justify;\">Die Fahrt f\u00fchrte uns bis zur Sandgrube in der <a title=\"Landepunkt in der N\u00e4he von Teschendorf\" href=\"https:\/\/maps.google.de\/maps?q=52.861629,+13.148714&amp;num=1&amp;t=h&amp;vpsrc=6&amp;ie=UTF8&amp;ll=52.861811,13.148714&amp;spn=0.003517,0.010568&amp;z=17&amp;iwloc=A\" target=\"_blank\">N\u00e4he von Teschendorf<\/a>. Wir legten bei dieser Fahrt mehr als 40 km zur\u00fcck, f\u00fcr eine Fahrt mit dem Hei\u00dfluftballon schon etwas au\u00dfergew\u00f6hnliches. Gegen circa 07:00 Uhr gelandet. Kurz vor dem Einsetzen der <a title=\"Wikipedia: Thermik\" href=\"http:\/\/de.wikipedia.org\/wiki\/Thermik\" target=\"_blank\">Thermik<\/a>\u00a0standen wir auf dem Feld und warteten auf die Verfolger. Die Verfolger kamen auch wirklich z\u00fcgig und machten dem Ruf der Likedeeler &#8211; Ballonverfolger alle Ehre.<\/p>\n<p style=\"text-align: justify;\">Abr\u00fcsten &#8211; Einpacken &#8211; Verschnaufen &#8211; Zur\u00fcck &#8211; Auftanken &#8211; Fr\u00fchst\u00fccken&#8230; Schlafen.<\/p>\n<p style=\"text-align: justify;\">Nach der gediegenen\u00a0Mittagsruhe\u00a0ging es ein wenig in die traumhafte Brandenburger Landschaft. Eis essen und Kultur genie\u00dfen.<\/p>\n<p style=\"text-align: justify;\">Der Start am Abend war sehr entspannt. Um 18:00 Uhr war treffen am <a title=\"Startplatz in Wagenitz\" href=\"https:\/\/maps.google.de\/maps?q=52.673682,+12.651975&amp;num=1&amp;t=h&amp;vpsrc=0&amp;ie=UTF8&amp;ll=52.673764,12.651068&amp;spn=0.001766,0.005284&amp;z=18&amp;iwloc=A\" target=\"_blank\">Startplatz<\/a>. Erstmal abwarten was das Wetter macht und die Zeit mit Schnacken und Bratwurst essen vertreiben. Um 19:00 Uhr war klar, wir k\u00f6nnen starten. Es begann ein ruhiges und entspanntes Aufr\u00fcsten, mal abgesehen von einigen Aktionen\u00a0<img loading=\"lazy\" decoding=\"async\" class=\"alignnone\" title=\"Smiley Cool\" src=\"http:\/\/www.freesmileys.org\/smileys\/smiley-cool14.gif\" alt=\"\" width=\"23\" height=\"20\" \/>. Der Start war gegen 20:30 Uhr und es begann eine weitere sehr sch\u00f6ne Fahrt. Diese f\u00fchrte uns in das sch\u00f6ne <a title=\"Landeplatz bei Hertefeld\" href=\"https:\/\/maps.google.de\/maps?q=52.661112,+12.838415&amp;num=1&amp;t=h&amp;vpsrc=0&amp;ie=UTF8&amp;z=17&amp;iwloc=A\" target=\"_blank\">Hertefeld<\/a>. In <a title=\"Landeplatz bei Hertefeld\" href=\"https:\/\/maps.google.de\/maps?q=52.661112,+12.838415&amp;num=1&amp;t=h&amp;vpsrc=0&amp;ie=UTF8&amp;z=17&amp;iwloc=A\" target=\"_blank\">Hertefeld<\/a> wollten uns alle zum Fu\u00dfball gucken einladen, Deutschland hatte, wie wir wissen, gegen Portugal gespielt und diese geschlagen &#8211; herrliches Tor durch Gomez.<\/p>\n<p style=\"text-align: justify;\">Wir hatten aber leider keine Zeit, denn die \u00fcbliche Arbeit wartete auf uns&#8230;<\/p>\n<p style=\"text-align: justify;\">Abr\u00fcsten &#8211; Zur\u00fcck &#8211; Gas tanken &#8211; was Trinken &#8211; ins Ferienhaus&#8230;<\/p>\n<p style=\"text-align: justify;\">Das j\u00fcngste Crewmitglied musste dann leider ins Bett. Die Piloten und die Crew lies den Abend entspannt ausklingen. Am n\u00e4chsten Tag war ausschlafen angesagt.<\/p>\n","protected":false},"excerpt":{"rendered":"<p>Am 09. Juni 2012 war es wieder soweit. Die 18. Montgolfiade Brandenburg fand in Wagenitz statt. Es waren zwei Starts vorgesehen und der Wettergott war uns positiv gestimmt, denn beide Fahrten konnten stattfinden. Es waren zwei wirklich sch\u00f6ne Fahrten die uns einmal direkt nach Hertefeld und einmal in die N\u00e4he von Teschendorf f\u00fchrten. Hier gehts [&hellip;]<\/p>\n","protected":false},"author":1,"featured_media":0,"parent":95,"menu_order":0,"comment_status":"open","ping_status":"open","template":"","meta":{"footnotes":""},"class_list":["post-244","page","type-page","status-publish","hentry"],"_links":{"self":[{"href":"https:\/\/www.likedeeler-ballon.de\/wordpress\/wp-json\/wp\/v2\/pages\/244","targetHints":{"allow":["GET"]}}],"collection":[{"href":"https:\/\/www.likedeeler-ballon.de\/wordpress\/wp-json\/wp\/v2\/pages"}],"about":[{"href":"https:\/\/www.likedeeler-ballon.de\/wordpress\/wp-json\/wp\/v2\/types\/page"}],"author":[{"embeddable":true,"href":"https:\/\/www.likedeeler-ballon.de\/wordpress\/wp-json\/wp\/v2\/users\/1"}],"replies":[{"embeddable":true,"href":"https:\/\/www.likedeeler-ballon.de\/wordpress\/wp-json\/wp\/v2\/comments?post=244"}],"version-history":[{"count":11,"href":"https:\/\/www.likedeeler-ballon.de\/wordpress\/wp-json\/wp\/v2\/pages\/244\/revisions"}],"predecessor-version":[{"id":277,"href":"https:\/\/www.likedeeler-ballon.de\/wordpress\/wp-json\/wp\/v2\/pages\/244\/revisions\/277"}],"up":[{"embeddable":true,"href":"https:\/\/www.likedeeler-ballon.de\/wordpress\/wp-json\/wp\/v2\/pages\/95"}],"wp:attachment":[{"href":"https:\/\/www.likedeeler-ballon.de\/wordpress\/wp-json\/wp\/v2\/media?parent=244"}],"curies":[{"name":"wp","href":"https:\/\/api.w.org\/{rel}","templated":true}]}}