{"id":59,"date":"2011-11-01T18:32:44","date_gmt":"2011-11-01T18:32:44","guid":{"rendered":"http:\/\/www.likedeeler-ballon.de\/wordpress\/?page_id=59"},"modified":"2011-11-01T19:19:49","modified_gmt":"2011-11-01T19:19:49","slug":"geschichte","status":"publish","type":"page","link":"https:\/\/www.likedeeler-ballon.de\/wordpress\/geschichte\/","title":{"rendered":"Geschichte"},"content":{"rendered":"<p>Die wissenschaftlichen Grundlagen der Ballonfahrt &#8211; das Gesetz des Auftriebs &#8211; beruhen bereits auf Forschungen von Archimedes.<br \/>\nAuch Leonardo da Vinci hatte das Prinzip schon begriffen, als er (der Erz\u00e4hlung nach) zum Geburtstag des Papstes Leo X. Heiligenfiguren aus Papier \u00fcber dem Feuer mit warmer Luft f\u00fcllte und aufsteigen lie\u00df.<\/p>\n<p>Eigentlich begann aber alles erst so richtig, als am 4. Juni 1783 als die Gebr\u00fcder Jacques und Joseph Montgolfier auf dem Marktplatz des kleinen St\u00e4dtchens Annonay im S\u00fcden Frankreichs ihr Gebilde aus Papier und Stoff zwischen zwei hohen Holzmasten aufbauten.<br \/>\nEs war das Ger\u00fccht aufgekommen, dass die Gebr\u00fcder etwas noch nie Dagewesenes an diesem Morgen vorf\u00fchren wollten. Aus diesem Grund str\u00f6mte eine gro\u00dfe Menschenmenge auf den Marktplatz von Annonay um an diesem Spektakel teilzunehmen. <img loading=\"lazy\" decoding=\"async\" style=\"float: left; margin-right: 10px;\" src=\"..\/..\/images\/ballon_history.jpg\" alt=\"\" width=\"150\" height=\"200\" align=\"top\" \/><\/p>\n<p>Sie wurden nicht entt\u00e4uscht, denn gegen 12 Uhr Mittags erlebten sie den ersten Start eines K\u00f6rpers schwerer als Luft und gleichzeitig auch den ersten Start eines Hei\u00dfluftballons.<\/p>\n<p>Am 19. September 1783 starteten vor 130.000 Zuschauern und im Beisein von K\u00f6nig Ludwig dem XVI. die ersten Passagiere: ein Hammel, eine Ente und ein Hahn wobei sich nach \u00dcberlieferung der Hahn bei der Landung ein Bein brach. Die Kunde vom ersten Start eines Ballons gelangte schnell nach Paris und so wurden die Gebr\u00fcder Montgolfier vom damaligen K\u00f6nig Ludwig XVI eingeladen einen Start in Paris zu wiederholen. Es war vorgesehen, dass der Ballon erstmals und als besondere Attraktion, zu Ehren des K\u00f6nigs mit Personen in die Luft gehen sollte. Vorgesehen hierf\u00fcr, waren zwei zum Tode verurteilte Str\u00e4flinge.<\/p>\n<p>Auf Intervention des Adels, der der Auffassung war, dass man bei so einem Weltereignis nicht Str\u00e4flinge nehmen sollte, entschlossen sich dann der Marquis de Arlange und der Comt\u00e9 de Rochfourt den Start mit dem Ballon zu wagen. Der Start erfolgte an einem k\u00fchlen Novembermorgen des Jahres 1783 aus den Schlossanlagen von Versailles und endete nach einer ruhigen Fahrt, \u00fcber ganz Paris hinweg, ohne Probleme in der Gegend von Compiegne, 8 Kilometer vom Starplatz entfernt.<\/p>\n<p>Der Ballon wurde mit \u00d6lgetr\u00e4nktem Holz, Papier, feuchtem Stroh und Stoff befeuert. Damals war man der irrigen Meinung, dass der Rauch (und nicht unbedingt die warme Luft) f\u00fcr den Auftrieb sorgte. Also verbrannte man alles, was stark rauchte.<\/p>\n","protected":false},"excerpt":{"rendered":"<p>Die wissenschaftlichen Grundlagen der Ballonfahrt &#8211; das Gesetz des Auftriebs &#8211; beruhen bereits auf Forschungen von Archimedes. Auch Leonardo da Vinci hatte das Prinzip schon begriffen, als er (der Erz\u00e4hlung nach) zum Geburtstag des Papstes Leo X. Heiligenfiguren aus Papier \u00fcber dem Feuer mit warmer Luft f\u00fcllte und aufsteigen lie\u00df. Eigentlich begann aber alles erst [&hellip;]<\/p>\n","protected":false},"author":2,"featured_media":0,"parent":0,"menu_order":2,"comment_status":"open","ping_status":"open","template":"","meta":{"footnotes":""},"class_list":["post-59","page","type-page","status-publish","hentry"],"_links":{"self":[{"href":"https:\/\/www.likedeeler-ballon.de\/wordpress\/wp-json\/wp\/v2\/pages\/59","targetHints":{"allow":["GET"]}}],"collection":[{"href":"https:\/\/www.likedeeler-ballon.de\/wordpress\/wp-json\/wp\/v2\/pages"}],"about":[{"href":"https:\/\/www.likedeeler-ballon.de\/wordpress\/wp-json\/wp\/v2\/types\/page"}],"author":[{"embeddable":true,"href":"https:\/\/www.likedeeler-ballon.de\/wordpress\/wp-json\/wp\/v2\/users\/2"}],"replies":[{"embeddable":true,"href":"https:\/\/www.likedeeler-ballon.de\/wordpress\/wp-json\/wp\/v2\/comments?post=59"}],"version-history":[{"count":7,"href":"https:\/\/www.likedeeler-ballon.de\/wordpress\/wp-json\/wp\/v2\/pages\/59\/revisions"}],"predecessor-version":[{"id":89,"href":"https:\/\/www.likedeeler-ballon.de\/wordpress\/wp-json\/wp\/v2\/pages\/59\/revisions\/89"}],"wp:attachment":[{"href":"https:\/\/www.likedeeler-ballon.de\/wordpress\/wp-json\/wp\/v2\/media?parent=59"}],"curies":[{"name":"wp","href":"https:\/\/api.w.org\/{rel}","templated":true}]}}