{"id":82,"date":"2011-11-01T19:16:21","date_gmt":"2011-11-01T19:16:21","guid":{"rendered":"http:\/\/www.likedeeler-ballon.de\/wordpress\/?page_id=82"},"modified":"2011-12-06T10:13:26","modified_gmt":"2011-12-06T10:13:26","slug":"gasballon","status":"publish","type":"page","link":"https:\/\/www.likedeeler-ballon.de\/wordpress\/ballonfahren\/gasballon\/","title":{"rendered":"Gasballon"},"content":{"rendered":"<p style=\"text-align: right;\"><strong>Links<\/strong><\/p>\n<p style=\"text-align: right;\"><a href=\"http:\/\/www.freiballonclub.de\/\" target=\"_new\">DFSV e.V.<\/a><\/p>\n<p style=\"text-align: right;\"><a href=\"http:\/\/www.satpro.org\/kundenlinks\/dmballon.php\"><img loading=\"lazy\" decoding=\"async\" class=\"alignnone\" title=\"Link zum Trackingsignal\" src=\"http:\/\/www.likedeeler-ballon.de\/images\/GasBallon\/Tracking.gif\" alt=\"Animierte Grafik die zum Trackingsignal weiterleitet.\" width=\"180\" height=\"50\" \/><\/a><\/p>\n<p><strong>Deutsche Meisterschaft im Gasballonfahren<\/strong><br \/>\nAm 01. Juni bis zum 06. Juni 2011 findet die deutsche Meisterschaft im Gasballonfahren in Burgkirchen statt.Auf den folgenden Seiten werden wir euch immer auf dem aktuellen Stand halten. Wir versorgen euch mit Bildern und mit Informationen.<a href=\"http:\/\/www.likedeeler-ballon.de\/images\/images\/deutsche-meisterschaft2011\/Karten.JPG\"><img loading=\"lazy\" decoding=\"async\" class=\"alignright\" title=\"Eine Ansammlung aller m\u00f6glichen Karten,... kann ja \u00fcberall hingehen.\" src=\"http:\/\/www.likedeeler-ballon.de\/images\/images\/deutsche-meisterschaft2011\/Karten_kl.jpg\" alt=\"Eine Ansammlung aller m\u00f6glichen Karten,... kann ja \u00fcberall hingehen.\" width=\"150\" height=\"113\" \/><\/a><\/p>\n<p>Wir haben uns nat\u00fcrlich schon mit ausreichend Kartenmaterial eingedeckt. Man muss sich ja vorbereiten, falls man sich verf\u00e4hrt&#8230; ist nat\u00fcrlich noch nie passiert.<\/p>\n<p>&nbsp;<\/p>\n<p><strong>Hallo zusammen,<\/strong><br \/>\nam Dienstag, den 31.05.2011 geht es endlich los. Petra und Oliver als Verfolger, Michael als mein Co-Pilot und ich machen uns auf den Weg nach Burgkirchen zur Deutschen Meisterschaft Gasballon 2011.Ulli hat f\u00fcr mich eine neue Homepage erstellt und ich werde ihn von Burgkirchen aus \u00fcber die DM vom 01.06. bis 05.06.2011 auf dem Laufenden halten. Er stellt diese Informationen dann f\u00fcr Euch auf die Homepage. Wenn ihr Interesse habt, schaut doch zwischendurch mal rein.<\/p>\n<p>&nbsp;<\/p>\n<p>Gl\u00fcck ab<\/p>\n<p>Andreas<\/p>\n<p>&nbsp;<\/p>\n<p>Hier gelangt ihr zum <a title=\"Logbuch\" href=\"http:\/\/www.likedeeler-ballon.de\/wordpress\/ballonfahren\/logbuch\/\">Logbuch<\/a>. In diesem <a title=\"Logbuch\" href=\"http:\/\/www.likedeeler-ballon.de\/wordpress\/ballonfahren\/logbuch\/\">Logbuch <\/a>werden alle Informationen zur gro\u00dfen <a title=\"Deutsche Meisterschaft 2011\" href=\"http:\/\/www.likedeeler-ballon.de\/wordpress\/ballonfahren\/logbuch\/deutsche-meisterschaft-2011\/\">deutschen Meisterschaft<\/a> ver\u00f6ffentlicht.<\/p>\n","protected":false},"excerpt":{"rendered":"<p>Links DFSV e.V. Deutsche Meisterschaft im Gasballonfahren Am 01. Juni bis zum 06. Juni 2011 findet die deutsche Meisterschaft im Gasballonfahren in Burgkirchen statt.Auf den folgenden Seiten werden wir euch immer auf dem aktuellen Stand halten. Wir versorgen euch mit Bildern und mit Informationen. Wir haben uns nat\u00fcrlich schon mit ausreichend Kartenmaterial eingedeckt. Man muss [&hellip;]<\/p>\n","protected":false},"author":1,"featured_media":0,"parent":96,"menu_order":3,"comment_status":"open","ping_status":"open","template":"","meta":{"footnotes":""},"class_list":["post-82","page","type-page","status-publish","hentry"],"_links":{"self":[{"href":"https:\/\/www.likedeeler-ballon.de\/wordpress\/wp-json\/wp\/v2\/pages\/82","targetHints":{"allow":["GET"]}}],"collection":[{"href":"https:\/\/www.likedeeler-ballon.de\/wordpress\/wp-json\/wp\/v2\/pages"}],"about":[{"href":"https:\/\/www.likedeeler-ballon.de\/wordpress\/wp-json\/wp\/v2\/types\/page"}],"author":[{"embeddable":true,"href":"https:\/\/www.likedeeler-ballon.de\/wordpress\/wp-json\/wp\/v2\/users\/1"}],"replies":[{"embeddable":true,"href":"https:\/\/www.likedeeler-ballon.de\/wordpress\/wp-json\/wp\/v2\/comments?post=82"}],"version-history":[{"count":10,"href":"https:\/\/www.likedeeler-ballon.de\/wordpress\/wp-json\/wp\/v2\/pages\/82\/revisions"}],"predecessor-version":[{"id":149,"href":"https:\/\/www.likedeeler-ballon.de\/wordpress\/wp-json\/wp\/v2\/pages\/82\/revisions\/149"}],"up":[{"embeddable":true,"href":"https:\/\/www.likedeeler-ballon.de\/wordpress\/wp-json\/wp\/v2\/pages\/96"}],"wp:attachment":[{"href":"https:\/\/www.likedeeler-ballon.de\/wordpress\/wp-json\/wp\/v2\/media?parent=82"}],"curies":[{"name":"wp","href":"https:\/\/api.w.org\/{rel}","templated":true}]}}