{"id":84,"date":"2011-11-01T19:17:09","date_gmt":"2011-11-01T19:17:09","guid":{"rendered":"http:\/\/www.likedeeler-ballon.de\/wordpress\/?page_id=84"},"modified":"2011-11-01T20:37:20","modified_gmt":"2011-11-01T20:37:20","slug":"heisluftballon","status":"publish","type":"page","link":"https:\/\/www.likedeeler-ballon.de\/wordpress\/ballonfahren\/heisluftballon\/","title":{"rendered":"Hei\u00dfluftballon"},"content":{"rendered":"<p><strong>17. Wagenitzer Montgolfiade<\/strong><\/p>\n<p>Wir fahren am 17. Juni bis zum 19. Juni zur 17. Montgolfiade Brandenburg (Wettfahrt um den Wagenitzer Knoblauchballon)<\/p>\n<p>Das ist dann f\u00fcr uns das 4. Jahr in Folge und jedes Jahr konnte bis mind. eine Ballonfahrt durchgef\u00fchrt werden.<\/p>\n<p>Wenn es klappt und wir sogar zwei Fahrten machen k\u00f6nnen, wird der Pilot seine zweihundertste Fahrt mit einem Hei\u00dfluftballon machen.<\/p>\n<p><center><img loading=\"lazy\" decoding=\"async\" src=\"http:\/\/www.likedeeler-ballon.de\/images\/images\/impress_kl_012.jpg\" alt=\"Bild vom roten SWB Ballon im Allg\u00e4u\" width=\"150\" height=\"113\" \/><\/center>Wir werden euch nat\u00fcrlich auf dem laufenden halten.<\/p>\n","protected":false},"excerpt":{"rendered":"<p>17. Wagenitzer Montgolfiade Wir fahren am 17. Juni bis zum 19. Juni zur 17. Montgolfiade Brandenburg (Wettfahrt um den Wagenitzer Knoblauchballon) Das ist dann f\u00fcr uns das 4. Jahr in Folge und jedes Jahr konnte bis mind. eine Ballonfahrt durchgef\u00fchrt werden. Wenn es klappt und wir sogar zwei Fahrten machen k\u00f6nnen, wird der Pilot seine [&hellip;]<\/p>\n","protected":false},"author":2,"featured_media":0,"parent":96,"menu_order":2,"comment_status":"open","ping_status":"open","template":"","meta":{"footnotes":""},"class_list":["post-84","page","type-page","status-publish","hentry"],"_links":{"self":[{"href":"https:\/\/www.likedeeler-ballon.de\/wordpress\/wp-json\/wp\/v2\/pages\/84","targetHints":{"allow":["GET"]}}],"collection":[{"href":"https:\/\/www.likedeeler-ballon.de\/wordpress\/wp-json\/wp\/v2\/pages"}],"about":[{"href":"https:\/\/www.likedeeler-ballon.de\/wordpress\/wp-json\/wp\/v2\/types\/page"}],"author":[{"embeddable":true,"href":"https:\/\/www.likedeeler-ballon.de\/wordpress\/wp-json\/wp\/v2\/users\/2"}],"replies":[{"embeddable":true,"href":"https:\/\/www.likedeeler-ballon.de\/wordpress\/wp-json\/wp\/v2\/comments?post=84"}],"version-history":[{"count":6,"href":"https:\/\/www.likedeeler-ballon.de\/wordpress\/wp-json\/wp\/v2\/pages\/84\/revisions"}],"predecessor-version":[{"id":217,"href":"https:\/\/www.likedeeler-ballon.de\/wordpress\/wp-json\/wp\/v2\/pages\/84\/revisions\/217"}],"up":[{"embeddable":true,"href":"https:\/\/www.likedeeler-ballon.de\/wordpress\/wp-json\/wp\/v2\/pages\/96"}],"wp:attachment":[{"href":"https:\/\/www.likedeeler-ballon.de\/wordpress\/wp-json\/wp\/v2\/media?parent=84"}],"curies":[{"name":"wp","href":"https:\/\/api.w.org\/{rel}","templated":true}]}}